{"id":148,"date":"2016-11-13T21:24:50","date_gmt":"2016-11-13T21:24:50","guid":{"rendered":"http:\/\/cremeja.org\/a7\/?page_id=148"},"modified":"2016-11-19T04:10:24","modified_gmt":"2016-11-19T04:10:24","slug":"artigos","status":"publish","type":"page","link":"http:\/\/cremeja.org\/a7\/publicacoes\/artigos\/","title":{"rendered":"Artigos"},"content":{"rendered":"<h1>Artigos<\/h1>\r\n\r\n<hr \/>\r\n\r\n\n<!-- Page-list plugin v.5.9 wordpress.org\/plugins\/page-list\/ -->\n<div class=\"page-list page-list-ext \">\n<div class=\"page-list-ext-item\"><h3 class=\"page-list-ext-title\"><a href=\"http:\/\/cremeja.org\/a7\/publicacoes\/artigos\/leher-roberto-florestan-fernandes-paz-e-terra-rio-de-janeiro-2008\/\" title=\"PAIVA, Jane. Tramando concep\u00e7\u00f5es e sentidos para redizer o direito \u00e0 educa\u00e7\u00e3o de jovens e adultos. Rev. Bras. Educ. 2006\">PAIVA, Jane. Tramando concep\u00e7\u00f5es e sentidos para redizer o direito \u00e0 educa\u00e7\u00e3o de jovens e adultos. Rev. Bras. Educ. 2006<\/a><\/h3><div class=\"page-list-ext-item-content\"><\/div><\/div>\n\n<\/div>\r\n\r\n<hr \/>\r\n\r\n<h2>Mapa do Acervo<\/h2>\r\n\n<!-- Page-list plugin v.5.9 wordpress.org\/plugins\/page-list\/ -->\n<ul class=\"page-list subpages-page-list \">\n<li class=\"page_item page-item-141\"><a href=\"http:\/\/cremeja.org\/a7\/publicacoes\/artigos\/leher-roberto-florestan-fernandes-paz-e-terra-rio-de-janeiro-2008\/\">PAIVA, Jane. Tramando concep\u00e7\u00f5es e sentidos para redizer o direito \u00e0 educa\u00e7\u00e3o de jovens e adultos. Rev. Bras. Educ. 2006<\/a><\/li>\n\n<\/ul>\r\n\r\n<hr \/>\r\n\r\n&nbsp;","protected":false},"excerpt":{"rendered":"<p>Artigos Mapa do Acervo &nbsp;<\/p>\n","protected":false},"author":1,"featured_media":0,"parent":32,"menu_order":0,"comment_status":"closed","ping_status":"closed","template":"","meta":{"ngg_post_thumbnail":0,"jetpack_post_was_ever_published":false,"footnotes":""},"class_list":["post-148","page","type-page","status-publish","hentry"],"rise-blocks_excerpt":"Artigos Mapa do Acervo &nbsp;","wps_subtitle":"","jetpack_sharing_enabled":true,"jetpack_shortlink":"https:\/\/wp.me\/P9GQ41-2o","_links":{"self":[{"href":"http:\/\/cremeja.org\/a7\/wp-json\/wp\/v2\/pages\/148","targetHints":{"allow":["GET"]}}],"collection":[{"href":"http:\/\/cremeja.org\/a7\/wp-json\/wp\/v2\/pages"}],"about":[{"href":"http:\/\/cremeja.org\/a7\/wp-json\/wp\/v2\/types\/page"}],"author":[{"embeddable":true,"href":"http:\/\/cremeja.org\/a7\/wp-json\/wp\/v2\/users\/1"}],"replies":[{"embeddable":true,"href":"http:\/\/cremeja.org\/a7\/wp-json\/wp\/v2\/comments?post=148"}],"version-history":[{"count":2,"href":"http:\/\/cremeja.org\/a7\/wp-json\/wp\/v2\/pages\/148\/revisions"}],"predecessor-version":[{"id":245,"href":"http:\/\/cremeja.org\/a7\/wp-json\/wp\/v2\/pages\/148\/revisions\/245"}],"up":[{"embeddable":true,"href":"http:\/\/cremeja.org\/a7\/wp-json\/wp\/v2\/pages\/32"}],"wp:attachment":[{"href":"http:\/\/cremeja.org\/a7\/wp-json\/wp\/v2\/media?parent=148"}],"curies":[{"name":"wp","href":"https:\/\/api.w.org\/{rel}","templated":true}]}}