{"id":1221,"date":"2018-06-08T05:35:22","date_gmt":"2018-06-08T05:35:22","guid":{"rendered":"http:\/\/cremeja.org\/a7\/?page_id=1221"},"modified":"2020-06-01T13:15:45","modified_gmt":"2020-06-01T13:15:45","slug":"pagina-inicial","status":"publish","type":"page","link":"http:\/\/cremeja.org\/a7\/","title":{"rendered":"P\u00e1gina Inicial"},"content":{"rendered":"\n<h4>Todo conte\u00fado disponibilizado neste portal se encontra sobre as regras do Copylet mediante cita\u00e7\u00e3o da fonte<\/h4>\n","protected":false},"excerpt":{"rendered":"<p>Todo conte\u00fado disponibilizado neste portal se encontra sobre as regras do Copylet mediante cita\u00e7\u00e3o da fonte<\/p>\n","protected":false},"author":1,"featured_media":0,"parent":0,"menu_order":0,"comment_status":"closed","ping_status":"closed","template":"","meta":{"ngg_post_thumbnail":0,"jetpack_post_was_ever_published":false,"footnotes":""},"class_list":["post-1221","page","type-page","status-publish","hentry"],"rise-blocks_excerpt":"Todo conte\u00fado disponibilizado neste portal se encontra sobre as regras do Copylet mediante cita\u00e7\u00e3o da fonte","wps_subtitle":"","jetpack_sharing_enabled":true,"jetpack_shortlink":"https:\/\/wp.me\/P9GQ41-jH","_links":{"self":[{"href":"http:\/\/cremeja.org\/a7\/wp-json\/wp\/v2\/pages\/1221","targetHints":{"allow":["GET"]}}],"collection":[{"href":"http:\/\/cremeja.org\/a7\/wp-json\/wp\/v2\/pages"}],"about":[{"href":"http:\/\/cremeja.org\/a7\/wp-json\/wp\/v2\/types\/page"}],"author":[{"embeddable":true,"href":"http:\/\/cremeja.org\/a7\/wp-json\/wp\/v2\/users\/1"}],"replies":[{"embeddable":true,"href":"http:\/\/cremeja.org\/a7\/wp-json\/wp\/v2\/comments?post=1221"}],"version-history":[{"count":12,"href":"http:\/\/cremeja.org\/a7\/wp-json\/wp\/v2\/pages\/1221\/revisions"}],"predecessor-version":[{"id":5722,"href":"http:\/\/cremeja.org\/a7\/wp-json\/wp\/v2\/pages\/1221\/revisions\/5722"}],"wp:attachment":[{"href":"http:\/\/cremeja.org\/a7\/wp-json\/wp\/v2\/media?parent=1221"}],"curies":[{"name":"wp","href":"https:\/\/api.w.org\/{rel}","templated":true}]}}